{"id":652,"date":"2023-09-29T15:51:18","date_gmt":"2023-09-29T15:51:18","guid":{"rendered":"https:\/\/cscw.acm.org\/2023\/?page_id=652"},"modified":"2023-09-29T15:51:18","modified_gmt":"2023-09-29T15:51:18","slug":"program-committee","status":"publish","type":"page","link":"https:\/\/cscw.acm.org\/2023\/index.php\/program-committee\/","title":{"rendered":"Program Committee"},"content":{"rendered":"\n<h4 class=\"wp-block-heading\">ACs for the January Cycle<\/h4>\n\n\n\n<ul class=\"wp-block-list\">\n<li>Matthieu Tixier (LIST3N, Tech-CICO, Troyes University of Technology)<\/li>\n\n\n\n<li>Dhaval Vyas (University of Queensland)<\/li>\n\n\n\n<li>Animesh Mukherjee (Department of Computer Science and Engineering, Indian Institute of Technology Kharagpur)<\/li>\n\n\n\n<li>Jessica Pater (Parkview Research Center, Parkview Health)<\/li>\n\n\n\n<li>Brian McInnis (Cognitive Science, UC San Diego)<\/li>\n\n\n\n<li>Chunhua Tsai (College of Information Sciences and Technology, University of Nebraska at Omaha)<\/li>\n\n\n\n<li>Afsaneh Razi (Department of Information Science, Drexel University )<\/li>\n\n\n\n<li>Quan Li (School of Information Science and Technology, ShanghaiTech University)<\/li>\n\n\n\n<li>Antonietta Grasso (Naver Labs Europe)<\/li>\n\n\n\n<li>Zhan Zhang (School of Computer Science and Information Systems, Pace University)<\/li>\n\n\n\n<li>Maria Wolters (School of Informatics, University of Edinburgh)<\/li>\n\n\n\n<li>Sarah Gilbert (Department of Communication, Cornell University)<\/li>\n\n\n\n<li>Aditya Vashistha (Cornell University)<\/li>\n\n\n\n<li>John Tang (Microsoft Research Labs, Microsoft)<\/li>\n\n\n\n<li>Stephen Lindsay (Computing Science)<\/li>\n\n\n\n<li>Simo Hosio (Center for Ubiquitous Computing, University of Oulu)<\/li>\n\n\n\n<li>Yubo Kou (College of Information Sciences and Technology, Pennsylvania State University)<\/li>\n\n\n\n<li>Bart Knijnenburg (School of Computing, Clemson University)<\/li>\n\n\n\n<li>Mary Amon (School of Modeling, Simulation, and Training, University of Central Florida)<\/li>\n\n\n\n<li>Ryan Kelly (School of Computing and Information Systems, University of Melbourne)<\/li>\n\n\n\n<li>Mateusz Dolata (Department of Informatics, University of Zurich)<\/li>\n\n\n\n<li>Mark Warner (Computing Science, University College London)<\/li>\n\n\n\n<li>Fabio Palomba (University of Salerno)<\/li>\n\n\n\n<li>Shiwei Cheng (Shanghai Jiao Tong University)<\/li>\n\n\n\n<li>Mayara Costa Figueiredo (Universidade Federal do Par\u00e1)<\/li>\n\n\n\n<li>Khuloud ABOU AMSHA (FRE CNRS 2019 &#8211; Tech-CICO, UTT)<\/li>\n\n\n\n<li>Yao Li (University of Central Florida)<\/li>\n\n\n\n<li>Hui Ye (School of Creative Media, City University of Hong Kong)<\/li>\n\n\n\n<li>Eric Baumer (Computer Science &amp; Engineering, Lehigh University)<\/li>\n\n\n\n<li>Zhenhui Peng (School of Artificial Intelligence, Sun Yat-sen University)<\/li>\n\n\n\n<li>Nathaniel Poor (Underwood Institute)<\/li>\n\n\n\n<li>Claudia-Lavinia Ignat (Inria)<\/li>\n\n\n\n<li>Eleonora Mencarini (i3, Fondazione Bruno Kessler)<\/li>\n\n\n\n<li>Jacob Thebault-Spieker (Information School, University of Wisconsin &#8211; Madison)<\/li>\n\n\n\n<li>Ang Li (Tech Research, Spotify)<\/li>\n\n\n\n<li>Douglas Zytko (University of Michigan-Flint)<\/li>\n\n\n\n<li>Ujwal Gadiraju (Web Information Systems, Delft University of Technology)<\/li>\n\n\n\n<li>Julie Hui (School of Information, University of Michigan)<\/li>\n\n\n\n<li>Herman Saksono (Computer Sciences and Health Sciences, Northeastern University)<\/li>\n\n\n\n<li>Yaxing Yao (Department of Computer Science, Virginia Tech)<\/li>\n\n\n\n<li>Pardis Emami-Naeini (Computer Science Department, Duke University)<\/li>\n\n\n\n<li>Vivian Lai (Computer Science, University of Colorado Boulder)<\/li>\n\n\n\n<li>Claus Bossen (Digital Design and Information Studies, Aarhus University)<\/li>\n\n\n\n<li>Justin Weisz (IBM Research AI)<\/li>\n\n\n\n<li>Anastasia Kuzminykh (Cheriton School of Computer Science, University of Waterloo)<\/li>\n\n\n\n<li>Jiaxiong Hu (Academy of Arts &amp; Design, Tsinghua University)<\/li>\n\n\n\n<li>Briane Paul Samson (Center for Complexity and Emerging Technologies, De La Salle University)<\/li>\n\n\n\n<li>Alessandra Melonio (Ca&#8217; Foscari University of Venice)<\/li>\n\n\n\n<li>Claudia Flores-Saviaga (Civic A.I. Lab, Northeastern University)<\/li>\n\n\n\n<li>Ali Farooq (Qatar Computing Research Institute, Hammad Bin Khalifa University)<\/li>\n\n\n\n<li>Ziming Wu (Hong Kong University of Science and Technology)<\/li>\n\n\n\n<li>Jasmin Niess (University of Oslo)<\/li>\n\n\n\n<li>Sanorita Dey (Computer Science and Electrical Engineering, University of Maryland Baltimore County)<\/li>\n\n\n\n<li>Benjamin Mako Hill (Community Data Science Collective, University of Washington)<\/li>\n\n\n\n<li>Albert Park (University of North Carolina Charlotte)<\/li>\n\n\n\n<li>Maia Jacobs (Computer Science and Preventive Medicine, Northwestern University)<\/li>\n\n\n\n<li>Patrick Shih (Department of Informatics, Indiana University Bloomington)<\/li>\n\n\n\n<li>Jason Wiese (School of Computing, University of Utah)<\/li>\n\n\n\n<li>Samir Passi (KForce)<\/li>\n\n\n\n<li>Zhicong Lu (Department of Computer Science, City University of Hong Kong)<\/li>\n\n\n\n<li>Saiph Savage (Civic A.I. Lab, Northeastern University)<\/li>\n\n\n\n<li>Katy Gero (Department of Computer Science, Harvard University)<\/li>\n\n\n\n<li>Daricia Wilkinson (Microsoft Research)<\/li>\n\n\n\n<li>Janis Meissner (HCI Group, TU Wien)<\/li>\n\n\n\n<li>Vasilis Vlachokyriakos (Open Lab, Newcastle University)<\/li>\n\n\n\n<li>Xinning Gui (College of Information Sciences and Technology, The Pennsylvania State University)<\/li>\n\n\n\n<li>Amon Rapp (Computer Science Department, University of Torino)<\/li>\n\n\n\n<li>Ingmar Weber (Department of Computer Science, Saarland University)<\/li>\n\n\n\n<li>Mainack Mondal (Department of Computer Science and Engineering, Indian Institute of Technology, Kharagpur)<\/li>\n\n\n\n<li>Ido Guy (Ben-Gurion University of the Negev)<\/li>\n\n\n\n<li>Ruba Abu-Salma (King&#8217;s College London)<\/li>\n\n\n\n<li>Kevin Crowston (School of Information Studies, Syracuse University)<\/li>\n\n\n\n<li>Matti Nelimarkka (Aalto University)<\/li>\n\n\n\n<li>Yan Chen (Department of Computer Science, Virginia Tech)<\/li>\n\n\n\n<li>Arkaitz Zubiaga (School of Electronic Engineering and Computer Science, Queen Mary University of London)<\/li>\n\n\n\n<li>Kenneth Joseph (Computer Science and Engineering, University at Buffalo)<\/li>\n\n\n\n<li>Sunyoung Kim (Rutgers University)<\/li>\n\n\n\n<li>Koustuv Saha (Computer Science, University of Illinois at Urbana-Champaign)<\/li>\n\n\n\n<li>Bryan Semaan (Department of Information Science, University of Colorado Boulder)<\/li>\n\n\n\n<li>Nora McDonald (George Mason University)<\/li>\n\n\n\n<li>Cody Buntain (iSchool, University of Maryland)<\/li>\n\n\n\n<li>Junnan Yu (School of Design, The Hong Kong Polytechnic University)<\/li>\n\n\n\n<li>Nalin Asanka Gamagedara Arachchilage (The School of Computer Science , The University of Auckland)<\/li>\n\n\n\n<li>Chuang-Wen You (Graduate Institute of Art and Technology, National Tsing Hua University)<\/li>\n\n\n\n<li>Jina Huh-Yoo (College of Computing and Informatics, Drexel University)<\/li>\n\n\n\n<li>Toni-Jan Keith Monserrat (Senti Techlabs Inc.)<\/li>\n\n\n\n<li>Kurtis Heimerl (Paul G. Allen School of Computer Science and Engineering, University of Washington)<\/li>\n\n\n\n<li>Kiran Garimella (EPFL)<\/li>\n\n\n\n<li>Jeffrey Rzeszotarski (Information Science, Cornell University)<\/li>\n\n\n\n<li>Meng Xia (Computer Science Department, Carnegie Mellon University)<\/li>\n\n\n\n<li>David Piorkowski (IBM Research)<\/li>\n\n\n\n<li>Mingming Fan (Computational Media and Arts Thrust, The Hong Kong University of Science and Technology (Guangzhou))<\/li>\n\n\n\n<li>Heloisa Candello (IBM Research)<\/li>\n\n\n\n<li>Heidi Hartikainen (INTERACT Research Unit, University of Oulu)<\/li>\n\n\n\n<li>Marisol Wong-Villacres (Facultad de Ingenier\u00eda en Electricidad y Computaci\u00f3n, Escuela Superior Polit\u00e9cnica del Litoral)<\/li>\n\n\n\n<li>Priyank Chandra (Faculty of Information, University of Toronto)<\/li>\n\n\n\n<li>Jennifer Kim (School of Interactive Computing, Georgia Institute of Technology)<\/li>\n<\/ul>\n\n\n\n<h4 class=\"wp-block-heading\">ACs for the July Cycle<\/h4>\n\n\n\n<ul class=\"wp-block-list\">\n<li>Yao Li (University of Central Florida)<\/li>\n\n\n\n<li>Sunyoung Kim (Rutgers University)<\/li>\n\n\n\n<li>Sanorita Dey (Computer Science and Electrical Engineering, University of Maryland Baltimore County)<\/li>\n\n\n\n<li>David Lee (UC Santa Cruz)<\/li>\n\n\n\n<li>Ali Farooq (Qatar Computing Research Institute, Hammad Bin Khalifa University)<\/li>\n\n\n\n<li>Ujwal Gadiraju (Web Information Systems, Delft University of Technology)<\/li>\n\n\n\n<li>Pardis Emami-Naeini (Computer Science Department, Duke University)<\/li>\n\n\n\n<li>Mark Warner (Computing Science, University College London)<\/li>\n\n\n\n<li>Umair ul Hassan (University of Galway)<\/li>\n\n\n\n<li>Jacob Biehl (School of Computing and Information, University of Pittsburgh)<\/li>\n\n\n\n<li>John Seberger (Department of Information Science, Drexel University)<\/li>\n\n\n\n<li>Marisol Wong-Villacres (Facultad de Ingenier\u00eda en Electricidad y Computaci\u00f3n, Escuela Superior Polit\u00e9cnica del Litoral)<\/li>\n\n\n\n<li>Jeremy Blackburn (Binghamton University)<\/li>\n\n\n\n<li>Nathaniel Poor (Underwood Institute)<\/li>\n\n\n\n<li>Andrea Thomer (School of Information, University of Arizona)<\/li>\n\n\n\n<li>Ingmar Weber (Department of Computer Science, Saarland University)<\/li>\n\n\n\n<li>Denis Helic (Graz University of Technology)<\/li>\n\n\n\n<li>Katerina Cerna (MDI, University of Gothenburg)<\/li>\n\n\n\n<li>Cody Buntain (iSchool, University of Maryland)<\/li>\n\n\n\n<li>Hong Shen (Human-Computer Interaction Institute, Carnegie Mellon University )<\/li>\n\n\n\n<li>Albert Park (University of North Carolina Charlotte)<\/li>\n\n\n\n<li>Jeffrey Rzeszotarski (Information Science, Cornell University)<\/li>\n\n\n\n<li>Julie Hui (School of Information, University of Michigan)<\/li>\n\n\n\n<li>Pejman Saeghe (School of Computing Science, University of Glasgow)<\/li>\n\n\n\n<li>Matti Nelimarkka (Aalto University)<\/li>\n\n\n\n<li>Brian McInnis (Cognitive Science, UC San Diego)<\/li>\n\n\n\n<li>Yubo Kou (College of Information Sciences and Technology, Pennsylvania State University)<\/li>\n\n\n\n<li>Jina Huh-Yoo (College of Computing and Informatics, Drexel University)<\/li>\n\n\n\n<li>Saiph Savage (Civic A.I. Lab, Northeastern University)<\/li>\n\n\n\n<li>Maryam Mustafa (Computer Science, Lahore University of Management Sciences)<\/li>\n\n\n\n<li>Adrian Clear (School of Computer Science, University of Galway)<\/li>\n\n\n\n<li>Simo Hosio (Center for Ubiquitous Computing, University of Oulu)<\/li>\n\n\n\n<li>Benjamin Mako Hill (Community Data Science Collective, University of Washington)<\/li>\n\n\n\n<li>Dongwook Yoon (Computer Science, University of British Columbia)<\/li>\n\n\n\n<li>Xinning Gui (College of Information Sciences and Technology, The Pennsylvania State University)<\/li>\n\n\n\n<li>Yuhan Luo (Department of Computer Science, City University of Hong Kong)<\/li>\n\n\n\n<li>Nervo Verdezoto (School of Computer Science and Informatics, Cardiff University)<\/li>\n\n\n\n<li>Claudia Flores-Saviaga (Civic A.I. Lab, Northeastern University)<\/li>\n\n\n\n<li>Fabio Palomba (University of Salerno)<\/li>\n\n\n\n<li>Zhicong Lu (Department of Computer Science, City University of Hong Kong)<\/li>\n\n\n\n<li>Amon Rapp (Computer Science Department, University of Torino)<\/li>\n\n\n\n<li>Simon Perrault (Singapore University of Technology and Design)<\/li>\n\n\n\n<li>Mai ElSherief (University of California, San Diego)<\/li>\n\n\n\n<li>Shiwei Cheng (Shanghai Jiao Tong University)<\/li>\n\n\n\n<li>Herman Saksono (Computer Sciences and Health Sciences, Northeastern University)<\/li>\n\n\n\n<li>Ryan Kelly (School of Computing and Information Systems, University of Melbourne)<\/li>\n\n\n\n<li>Jason Wiese (School of Computing, University of Utah)<\/li>\n\n\n\n<li>Chuang-Wen You (Graduate Institute of Art and Technology, National Tsing Hua University)<\/li>\n\n\n\n<li>Maria Wolters (School of Informatics, University of Edinburgh)<\/li>\n\n\n\n<li>Kevin Crowston (School of Information Studies, Syracuse University)<\/li>\n\n\n\n<li>Mareike Gl\u00f6ss (Department of computer and system science , Stockholm Universitet )<\/li>\n\n\n\n<li>Aditya Vashistha (Cornell University)<\/li>\n\n\n\n<li>Zhan Zhang (School of Computer Science and Information Systems, Pace University)<\/li>\n\n\n\n<li>Kenneth Joseph (Computer Science and Engineering, University at Buffalo)<\/li>\n\n\n\n<li>Bart Knijnenburg (School of Computing, Clemson University)<\/li>\n\n\n\n<li>Mar\u00e9n Schorch (Faculty of Engineering and Mathematics, CareTech OWL, University of Applied Sciences and Arts )<\/li>\n\n\n\n<li>Animesh Mukherjee (Department of Computer Science and Engineering, Indian Institute of Technology Kharagpur)<\/li>\n\n\n\n<li>Yun Huang (School of Information Sciences, University of Illinois at Urbana-Champaign)<\/li>\n\n\n\n<li>Junnan Yu (School of Design, The Hong Kong Polytechnic University)<\/li>\n\n\n\n<li>Daniel Romero (University of Michigan)<\/li>\n\n\n\n<li>Arkaitz Zubiaga (School of Electronic Engineering and Computer Science, Queen Mary University of London)<\/li>\n\n\n\n<li>Koustuv Saha (Computer Science, University of Illinois at Urbana-Champaign)<\/li>\n\n\n\n<li>Kurtis Heimerl (Paul G. Allen School of Computer Science and Engineering, University of Washington)<\/li>\n\n\n\n<li>Kiran Garimella (EPFL)<\/li>\n\n\n\n<li>Thammathip Piumsomboon (School of Product Design, University of Canterbury)<\/li>\n\n\n\n<li>JeongGil Ko (School of Integrated Technology, Yonsei Univeristy)<\/li>\n\n\n\n<li>Michelle Annett (MishMashMakers)<\/li>\n\n\n\n<li>Nalin Asanka Gamagedara Arachchilage (The School of Computer Science , The University of Auckland)<\/li>\n\n\n\n<li>Pawe\u0142 W. Wo\u017aniak (Chalmers University of Technology)<\/li>\n\n\n\n<li>Yaxing Yao (Department of Computer Science, Virginia Tech)<\/li>\n\n\n\n<li>Vasilis Vlachokyriakos (Open Lab, Newcastle University)<\/li>\n\n\n\n<li>Hyunggu Jung (Department of Computer Science and Engineering, University of Seoul)<\/li>\n\n\n\n<li>Briane Paul Samson (Center for Complexity and Emerging Technologies, De La Salle University)<\/li>\n\n\n\n<li>Pushpendra Singh (M\u00e9lange Lab, IIIT-Delhi)<\/li>\n\n\n\n<li>Ugur Kursuncu (Georgia State University)<\/li>\n\n\n\n<li>Toni-Jan Keith Monserrat (Senti Techlabs Inc.)<\/li>\n<\/ul>\n","protected":false},"excerpt":{"rendered":"<div class=\"entry-summary\">\nACs for the January Cycle ACs for the July Cycle\n<\/div>\n<div class=\"link-more\"><a href=\"https:\/\/cscw.acm.org\/2023\/index.php\/program-committee\/\" class=\"more-link\">Continue reading<span class=\"screen-reader-text\"> &ldquo;Program Committee&rdquo;<\/span>&hellip;<\/a><\/div>\n","protected":false},"author":1,"featured_media":0,"parent":0,"menu_order":0,"comment_status":"closed","ping_status":"closed","template":"","meta":{"footnotes":""},"class_list":["post-652","page","type-page","status-publish","hentry","entry"],"_links":{"self":[{"href":"https:\/\/cscw.acm.org\/2023\/index.php\/wp-json\/wp\/v2\/pages\/652","targetHints":{"allow":["GET"]}}],"collection":[{"href":"https:\/\/cscw.acm.org\/2023\/index.php\/wp-json\/wp\/v2\/pages"}],"about":[{"href":"https:\/\/cscw.acm.org\/2023\/index.php\/wp-json\/wp\/v2\/types\/page"}],"author":[{"embeddable":true,"href":"https:\/\/cscw.acm.org\/2023\/index.php\/wp-json\/wp\/v2\/users\/1"}],"replies":[{"embeddable":true,"href":"https:\/\/cscw.acm.org\/2023\/index.php\/wp-json\/wp\/v2\/comments?post=652"}],"version-history":[{"count":4,"href":"https:\/\/cscw.acm.org\/2023\/index.php\/wp-json\/wp\/v2\/pages\/652\/revisions"}],"predecessor-version":[{"id":656,"href":"https:\/\/cscw.acm.org\/2023\/index.php\/wp-json\/wp\/v2\/pages\/652\/revisions\/656"}],"wp:attachment":[{"href":"https:\/\/cscw.acm.org\/2023\/index.php\/wp-json\/wp\/v2\/media?parent=652"}],"curies":[{"name":"wp","href":"https:\/\/api.w.org\/{rel}","templated":true}]}}