{"id":611,"date":"2023-09-16T21:34:54","date_gmt":"2023-09-16T21:34:54","guid":{"rendered":"https:\/\/cscw.acm.org\/2023\/?page_id=611"},"modified":"2023-10-25T22:14:22","modified_gmt":"2023-10-25T22:14:22","slug":"awards","status":"publish","type":"page","link":"https:\/\/cscw.acm.org\/2023\/index.php\/awards\/","title":{"rendered":"Awards"},"content":{"rendered":"\n<h3 class=\"wp-block-heading\">Lasting Impact<\/h3>\n\n\n\n<p>CSCW 2023 awards a Lasting Impact Researcher Recognition to Nicole Ellison and Cliff Lampe for the influence that their early work on social media has had on the field of CSCW. This body of work will be the subject of a panel discussion at the conference.<\/p>\n\n\n\n<h3 class=\"wp-block-heading\">Paper Awards and Recognitions<\/h3>\n\n\n\n<p>Awards and recognitions for CSCW are based on nominations by ACs and reviewers during the paper review processes, and chosen by a separate Awards Committee later. The awards evaluation process is blinded, and the committee members score papers based on both their own evaluation and the evaluations of the original reviewers, including reasons given for nominations.<\/p>\n\n\n\n<p>Best Paper Awards represent 1% of all submitted papers, and Honorable Mentions represent another 3%. Recognitions for Contribution to Diversity and Inclusion represent strong examples of work that focuses on or serves minorities, otherwise excluded individuals or populations, or intervenes in systemic structures of inequality, and selection of these recognitions were overseen by Equity and Accessibility Co-Chairs. Methods Recognitions are for strong examples of work that includes well developed, explained, or implemented methods, and\/or methodological innovation, and Impact Recognitions are for strong examples of work that demonstrates or has clear potential to demonstrate real-world or practical impact.<\/p>\n\n\n\n<h4 class=\"wp-block-heading\">Best Paper<\/h4>\n\n\n\n<ul class=\"wp-block-list\">\n<li><strong>Crossing the Threshold: Pathways into Makerspaces for Women at the Intersectional Margins<\/strong><br>Sonali Hedditch (University of Queensland), Dhaval Vyas (University of Queensland)<\/li>\n\n\n\n<li><strong>Cura: Curation at Social Media Scale<\/strong><br>Wanrong He (Tsinghua University), Mitchell L. Gordon (Stanford University), Lindsay Popowski (Stanford University), Michael S. Bernstein (Stanford University)<\/li>\n\n\n\n<li><strong>Data Subjects&#8217; Perspectives on Emotion Artificial Intelligence Use in the Workplace: A Relational Ethics Lens<\/strong><br>Shanley Corvite (University of Michigan), Kat Roemmich (University of Michigan), Tillie Ilana Rosenberg (University Of Michigan), Nazanin Andalibi (University of Michigan)<\/li>\n\n\n\n<li><strong>Hate Raids on Twitch: Echoes of the Past, New Modalities, and Implications for Platform Governance<\/strong><br>Catherine Han (Stanford University), Joseph Seering (Stanford University), Deepak Kumar (Stanford University), Jeff Hancock (Stanford University), Zakir Durumeric (Stanford University)<\/li>\n\n\n\n<li><strong>Making Meaning from the Digitalization of Blue-Collar Work<\/strong><br>Alyssa Sheehan (Georgia Institute of Technology), Christopher A. Le Dantec (Georgia Institute of Technology)<\/li>\n\n\n\n<li><strong>Measuring User-Moderator Alignment on r\/ChangeMyView<\/strong><br>Vinay Koshy (University of Illinois, Urbana-Champaign), Tanvi Bajpai (University of Illinois, Urbana-Champaign), Eshwar Chandrasekharan (University of Illinois, Urbana-Champaign), Hari Sundaram (University of Illinois, Urbana-Champaign), Karrie Karahalios (University of Illinois, Urbana-Champaign)<\/li>\n\n\n\n<li><strong>SUMMIT: Scaffolding Open Source Software Issue Discussion through Summarization<\/strong><br>Saskia Gilmer (McGill University), Avinash Bhat (McGill University), Shuvam Shah (Polytechnique Montreal, Canada), Kevin Cherry (McGill University), Jinghui Cheng (Polytechnique Montreal), Jin L.C. Guo (McGill University)<\/li>\n\n\n\n<li><strong>The Value of Activity Traces in Peer Evaluations: An Experimental Study<\/strong><br>Wenxuan Wendy Shi (University of Illinois, Urbana-Champaign), Sneha R. Krishna Kumaran (University of Illinois, Urbana-Champaign), Hari Sundaram (University of Illinois, Urbana-Champaign), Brian P. Bailey (University of Illinois, Urbana-Champaign)<\/li>\n\n\n\n<li><strong>Towards Intersectional Moderation: An Alternative Model of Moderation Built on Care and Power<\/strong><br>Sarah Gilbert (Cornell University)<\/li>\n<\/ul>\n\n\n\n<h4 class=\"wp-block-heading\">Honorable Mentions<\/h4>\n\n\n\n<ul class=\"wp-block-list\">\n<li><strong>&#8220;All of the White People Went First&#8221;: How Video Conferencing Consolidates Control and Exacerbates Workplace Bias<\/strong><br>Mo Houtti (University of Minnesota), Moyan Zhou (University of Minnesota), Loren Terveen (University of Minnesota), Stevie Chancellor (University of Minnesota)<\/li>\n\n\n\n<li><strong>&#8220;Creepy Towards My Avatar Body, Creepy Towards My Body&#8221;: How Women Experience and Manage Harassment Risks in Social Virtual Reality<\/strong><br>Kelsea Schulenberg (Clemson University), Guo Freeman (Clemson University), Lingyuan Li (Clemson University), Catherine Barwulor (Clemson University)<\/li>\n\n\n\n<li><strong>&#8220;We Don\u2019t Want a Bird Cage, We Want Guardrails&#8221;: Understanding &amp; Designing for Preventing Interpersonal Harm in Social VR through the Lens of Consent<\/strong><br>Kelsea Schulenberg (Clemson University), Lingyuan Li (Clemson University), Caitlin Marie Lancaster (Clemson University), Douglas Zytko (Oakland University), Guo Freeman (Clemson University)<\/li>\n\n\n\n<li><strong>&#8220;When the beeping stops you completely freak out&#8221; &#8211; How acute care teams experience and use technology<\/strong><br>Anna Hohm (Julius-Maximilians-Universit\u00e4t W\u00fcrzburg), Oliver Happel (University Hospital of W\u00fcrzburg), J\u00f6rn Hurtienne (Julius-Maximilians-Universit\u00e4t W\u00fcrzburg), Tobias Grundgeiger (Julius-Maximilians-Universit\u00e4t W\u00fcrzburg)<\/li>\n\n\n\n<li><strong>AI Consent Futures: A Case Study on Voice Data Collection with Clinicians<\/strong><br>Lauren Wilcox (Google Research), Robin Brewer (Google Research), Fernando Diaz (Google Research)<\/li>\n\n\n\n<li><strong>Chilling Tales: Understanding the Impact of Copyright Takedowns on Transformative Content Creators<\/strong><br>Casey Fiesler (University of Colorado, Boulder), Joshua Paup (University of Colorado Boulder), Corian Zacher (University of Colorado Law School)<\/li>\n\n\n\n<li><strong>Community Tech Workers: Scaffolding Digital Engagement Among Underserved Minority Businesses<\/strong><br>Julie Hui (University of Michigan), Kristin Seefeldt (University of Michigan), Christie Baer (University of Michigan), Lutalo Sanifu (Jefferson East, Inc.), Aaron Jackson (University of Michigan), Tawanna R. Dillahunt (University of Michigan)<\/li>\n\n\n\n<li><strong>Escaping the Walled Garden? User Perspectives of Control in Data Portability for Social Media<\/strong><br>Jack Jamieson (NTT), Naomi Yamashita (NTT &amp; Kyoto University)<\/li>\n\n\n\n<li><strong>Explanations Can Reduce Overreliance on AI Systems during Decision-Making<\/strong><br>Helena Vasconcelos (Stanford University), Matthew J\u00f6rke (Stanford University), Madeleine Grunde-McLaughlin (University of Washington), Tobias Gerstenberg (Stanford University), Michael S. Bernstein (Stanford University), Ranjay Krishna (University of Washington)<\/li>\n\n\n\n<li><strong>Investigating Security Folklore: A Case Study on the Tor over VPN Phenomenon<\/strong><br>Matthias Fassl (CISPA Helmholtz Center for Information Security), Alexander Ponticello (CISPA Helmholtz Center for Information Security), Adrian Dabrowski (CISPA Helmholtz Center for Information Security), Katharina Krombholz (CISPA Helmholtz Center for Information Security)<\/li>\n\n\n\n<li><strong>Public Health Calls for\/with AI: An Ethnographic Perspective<\/strong><br>Azra Ismail (Georgia Institute of Technology), Divy Thakkar (Google Research), Neha Madhiwalla (ARMMAN, India Chehak Trust), Neha Kumar (Georgia Institute of Technology)<\/li>\n\n\n\n<li><strong>Queer Identities, Normative Databases: Challenges to Capturing Queerness On Wikidata<\/strong><br>Katy Weathington (University of Colorado Boulder), Jed R. Brubaker (University of Colorado Boulder)<\/li>\n\n\n\n<li><strong>Reopening, Repetition and Resetting: HCI and the Method of Hope<\/strong><br>Matt Ratto (University of Toronto), Steven Jackson (Cornell University)<\/li>\n\n\n\n<li><strong>Sociotechnical Audits: Broadening the Algorithm Auditing Lens to Investigate Targeted Advertising<\/strong><br>Michelle S. Lam (Stanford University), Ayush Pandit (Stanford University), Colin Kalicki (Stanford University), Rachit Gupta (Georgia Institute of Technology), Poonam Sahoo (Stanford University), Dana\u00eb Metaxa (University of Pennsylvania)<\/li>\n<\/ul>\n\n\n\n<h4 class=\"wp-block-heading\">Impact Recognition<\/h4>\n\n\n\n<ul class=\"wp-block-list\">\n<li><strong>&#8220;All of the White People Went First&#8221;: How Video Conferencing Consolidates Control and Exacerbates Workplace Bias<\/strong><br>Mo Houtti (University of Minnesota), Moyan Zhou (University of Minnesota), Loren Terveen (University of Minnesota), Stevie Chancellor (University of Minnesota)<\/li>\n\n\n\n<li><strong>&#8220;I Want to Figure Things Out&#8221;: Supporting Exploration in Navigation for People with Visual Impairments<\/strong><br>Gaurav Jain (Columbia University), Yuanyang Teng (Columbia University), Dong Heon Cho (Columbia University), Yunhao Xing (Columbia University), Maryam Aziz (University of Connecticut), Brian A. Smith (Columbia University)<\/li>\n\n\n\n<li><strong>Community Tech Workers: Scaffolding Digital Engagement Among Underserved Minority Businesses<\/strong><br>Julie Hui (University of Michigan), Kristin Seefeldt (University of Michigan), Christie Baer (University of Michigan), Lutalo Sanifu (Jefferson East, Inc.), Aaron Jackson (University of Michigan), Tawanna R. Dillahunt (University of Michigan)<\/li>\n\n\n\n<li><strong>Data Work of Frontline Care Workers: Practices Problems and Opportunities in the Context of Data-Driven Long-Term Care<\/strong><br>Yuling Sun (East China Normal University), Xiaojuan Ma (Hong Kong University of Science and Technology), Silvia Lindtner (University of Michigan), Liang He (East China Normal University)<\/li>\n\n\n\n<li><strong>Sliding into My DMs: Detecting Uncomfortable or Unsafe Sexual Risk Experiences within Instagram Direct Messages Grounded in the Perspective of Youth<\/strong><br>Afsaneh Razi ( Drexel University), Ashwaq Alsoubai ( Vanderbilt University), Seunghyun Kim (Georgia Institute of Technology), Shiza Ali (Boston University), Gianluca Stringhini (Boston University), Munmun De Choudhury (Georgia Institute of Technology), Pamela J. Wisniewski (Vanderbilt University)<\/li>\n<\/ul>\n\n\n\n<h4 class=\"wp-block-heading\">Methods Recognition<\/h4>\n\n\n\n<ul class=\"wp-block-list\">\n<li><strong>AI Consent Futures: A Case Study on Voice Data Collection with Clinicians<\/strong><br>Lauren Wilcox (Google Research), Robin Brewer (Google Research), Fernando Diaz (Google Research)<\/li>\n\n\n\n<li><strong>Co-creating a Transdisciplinary Map of Technology-mediated Harms Risks and Vulnerabilities: Challenges Ambivalences and Opportunities<\/strong><br>Andr\u00e9s Dom\u00ednguez Hern\u00e1ndez (University of Bristol), Alicia G. Cork (University of Bath), Emily Godwin (University of Bath), Ola Michalec (University of Bristol), Emily Johnstone (University of Bath), Partha Das Chowdhury (University of Bristol), Kopo M. Ramokapane (University of Bristol), Awais Rashid (University of Bristol)<\/li>\n\n\n\n<li><strong>Increasing Participation in Peer Production Communities with the Newcomer Homepage<\/strong><br>Morten Warncke-Wang (Wikimedia Foundation), Rita Ho (Wikimedia Foundation), Marshall Miller (Wikimedia Foundation), Isaac Johnson (Wikimedia Foundation)<\/li>\n\n\n\n<li><strong>Investigating Security Folklore: A Case Study on the Tor over VPN Phenomenon<\/strong><br>Matthias Fassl (CISPA Helmholtz Center for Information Security), Alexander Ponticello (CISPA Helmholtz Center for Information Security), Adrian Dabrowski (CISPA Helmholtz Center for Information Security), Katharina Krombholz (CISPA Helmholtz Center for Information Security)<\/li>\n\n\n\n<li><strong>SUMMIT: Scaffolding Open Source Software Issue Discussion through Summarization<\/strong><br>Saskia Gilmer (McGill University), Avinash Bhat (McGill University), Shuvam Shah (Polytechnique Montreal), Kevin Cherry (McGill University), Jinghui Cheng (Polytechnique Montreal), Jin L.C. Guo (McGill University)<\/li>\n<\/ul>\n\n\n\n<h4 class=\"wp-block-heading\">Recognition for Contribution to Diversity and Inclusion<\/h4>\n\n\n\n<ul class=\"wp-block-list\">\n<li><strong>Care Workers\u2019 Wellbeing in Data-Driven Healthcare Workplace: Identity, Agency, and Social Justice<\/strong><br>Yuling Sun (East China Normal University), Xiaojuan Ma (Hong Kong University of Science and Technology), Silvia Lindtner (University of Michigan), Liang He (East China Normal University)<\/li>\n\n\n\n<li><strong>Computer-Mediated Sharing Circles for Intersectional Peer Support with Home Care Workers<\/strong><br>Anthony Poon (Cornell University), Matthew Luebke (Cornell University), Julia Loughman (Tufts University), Ann Lee (1199SEIU Training and Employment Funds), Lourdes Guerrero (David Geffen School of Medicine at UCLA), Madeline Sterling (Weill Cornell Medicine), Nicola Dell (Cornell Tech)<\/li>\n\n\n\n<li><strong>Crossing the Threshold: Pathways into Makerspaces for Women at the Intersectional Margins<\/strong><br>Sonali Hedditch (University of Queensland), Dhaval Vyas (University of Queensland)<\/li>\n\n\n\n<li><strong>Honestly I think TikTok has a Vendetta Against Black Creators: Understanding Black Content Creator Experiences on TikTok<\/strong><br>Camille A. Harris (Georgia Institute of Technology), Amber Gayle Johnson (Georgia Institute of Technology), Sadie Palmer (Georgia Institute of Technology), Diyi Yang (Stanford University), Amy Bruckman (Georgia Institute of Technology)<\/li>\n\n\n\n<li><strong>How Recent Migrants Develop Trust Through Community Commerce: The Emergence of Sociotechnical Adaptation<\/strong><br>Joey Chiao-Yin Hsiao (University of Michigan), Sylvia Darling (University of Michigan), Tawanna R. Dillahunt (University of Michigan)<\/li>\n\n\n\n<li><strong>Oh yes! over-preparing for meetings is my jam \ud83d\ude42 The Gendered Experiences of System Administrators<\/strong><br>Mannat Kaur (TU Delft), Harshini Sri Ramulu (The George Washington University), Yasemin Acar (Max Planck Institute for Security and Privacy), Tobias Fiebig (Max-Planck-Institut f\u00fcr Informatik)<\/li>\n\n\n\n<li><strong>Queer Identities, Normative Databases: Challenges to Capturing Queerness On Wikidata<\/strong><br>Katy Weathington (University of Colorado Boulder), Jed R. Brubaker (University of Colorado Boulder)<\/li>\n\n\n\n<li><strong>Racial Capitalism Online: Pressures to Perform Race Among Creative Professionals<\/strong><br>Jaleesa Rosario Turner (University of Michigan), Julie Hui (University of Michigan)<\/li>\n\n\n\n<li><strong>Reopening, Repetition and Resetting: HCI and the Method of Hope<\/strong><br>Matt Ratto (University of Toronto), Steven Jackson (Cornell University)<\/li>\n\n\n\n<li><strong>Social Media and College-Related Social Support Exchange for First-Generation Low-Income Students: The Role of Identity Disclosures<\/strong><br>Cassidy Pyle (University of Michigan), Nicole B. Ellison (University of Michigan), Nazanin Andalibi (University of Michigan)<\/li>\n\n\n\n<li><strong>Sustained Harm Over Time and Space Limits the External Function of Online Counterpublics for American Muslims<\/strong><br>Niloufar Salehi (University of California, Berkeley), Roya Pakzad (Taraaz), Nazita Lajevardi (Michigan State University), Mariam Asad (IUPUI)<\/li>\n\n\n\n<li><strong>Systemic Gender Inequities in Who Reviews Code<\/strong><br>Emerson Murphy-Hill (Google), Jillian Dicker (Google), Amber Horvath (Carnegie Mellon University), Margaret M. Hodges (Google), Carolyn D. Egelman (Google), Laurie R. Weingart (Carnegie Mellon University), Ciera Jaspan (Google), Collin Green (Google), Nina Chen (Google)<\/li>\n\n\n\n<li><strong>The Potential of Diverse Youth in Identifying and Mitigating Algorithmic Bias for a Future of Fair AI<\/strong><br>Jaemarie Solyst (Carnegie Mellon University), Ellia Yang (Carnegie Mellon University), Shixian Xie (Carnegie Mellon University), Amy Ogan (Carnegie Mellon University), Jessica Hammer (Carnegie Mellon University), Motahhare Eslami (Carnegie Mellon University)<\/li>\n\n\n\n<li><strong>Towards Equitable Online Participation: A Case of Older Adult Content Creators&#8217; Role Transition on Short-form Video Sharing Platforms<\/strong><br>Xinru Tang (University of California, Irvine), Xianghua (Sharon) Ding (University of Glasgow), Zhixuan Zhou (University of Illinois, Urbana-Champaign)<\/li>\n\n\n\n<li><strong>Understanding and Designing Multi-level Preventive Medication Support Against HIV for Men who Have Sex with Men in Taiwan<\/strong><br>Chien Wen (Tina) Yuan (National Taiwan Normal University), Yuan-Chi Tseng (National Tsing Hua University), Carol Strong (National Cheng Kung University)<\/li>\n<\/ul>\n\n\n\n<h4 class=\"wp-block-heading\">Poster and Demo Recognitions<\/h4>\n\n\n\n<p>At the conference reception, attendees voted for &#8220;Best Poster&#8221; and &#8220;Best Demo&#8221; recognitions. This process was overseen by the Posters Co-Chairs and Demos Co-Chairs, and the winners were announced at the conference banquet.<\/p>\n\n\n\n<h5 class=\"wp-block-heading\"><strong>Best Poster<\/strong><\/h5>\n\n\n\n<p><strong>How to Ethically Engage Fat People in HCI Research<\/strong><br>Blakeley Hoffman Payne (University of Colorado Boulder), Jordan Taylor (Carnegie Mellon University), Katta Spiel (TU Wien), Casey Fiesler (University of Colorado Boulder)<\/p>\n\n\n\n<h5 class=\"wp-block-heading\"><strong>Best Poster Honorable Mentions<\/strong><\/h5>\n\n\n\n<p><strong>Post-Spotlight Posts: The Impact of Sudden Social Media Attention on Account Behavior<\/strong><br>Joseph Schafer (University of Washington), Kate Starbird (University of Washington)<\/p>\n\n\n\n<p><strong>Correct Me If I Am Wrong: Exploring How AI Outputs Affect User Perception and Trust<\/strong><br>Jun Li Jeung (Eindhoven University of Technology), Janet Yi-Ching Huang (Eindhoven University of Technology)<\/p>\n\n\n\n<h5 class=\"wp-block-heading\"><strong>Best Demo<\/strong><\/h5>\n\n\n\n<p><strong>ConvXAI : Delivering Heterogeneous AI Explanations via Conversations to Support Human-AI Scientific Writing<\/strong><br>Hua Shen (Pennsylvania State University), Chieh-Yang Huang (Pennsylvania State University), Tongshuang Wu (Carnegie Mellon University), Ting-Hao Huang (Pennsylvania State University)<\/p>\n\n\n\n<h5 class=\"wp-block-heading\"><strong>Best Demo Honorable Mentions<\/strong><\/h5>\n\n\n\n<p><strong>Design for Learnability: Challenging the State-of-the-Art in UX to foster Inclusion and Participation<\/strong><br>Katja Pott (University of Applied Sciences and Arts Northwestern Switzerland), Yves Simmen (University of Applied Sciences and Arts Northwestern Switzerland), Madlaina Kalunder (University of Applied Sciences and Arts Northwestern Switzerland), Doris Agotai (University of Applied Sciences and Arts Northwestern Switzerland)<\/p>\n\n\n\n<p><strong>Workspace VR: A social and collaborative telework virtual reality application<\/strong><br>Jason Ortiz (University of Central Florida), Carolina Cruz-Neira (University of Central Florida)<\/p>\n\n\n\n<h3 class=\"wp-block-heading\">Awards Committee Chairs and Members<\/h3>\n\n\n\n<h4 class=\"wp-block-heading\"><strong>Awards Co-Chairs<\/strong><\/h4>\n\n\n\n<ul class=\"wp-block-list\">\n<li>Kevin Crowston<\/li>\n\n\n\n<li>Ryan Kelly<\/li>\n\n\n\n<li>Jaime Snyder<\/li>\n<\/ul>\n\n\n\n<h4 class=\"wp-block-heading\"><strong>Lasting Impact Committee<\/strong><\/h4>\n\n\n\n<ul class=\"wp-block-list\">\n<li>Sue Fussell<\/li>\n\n\n\n<li>Joe Konstan<\/li>\n\n\n\n<li>Myriam Lewkowicz<\/li>\n\n\n\n<li>Xiaojuan Ma<\/li>\n\n\n\n<li>Melissa Mazmanian<\/li>\n<\/ul>\n\n\n\n<h4 class=\"wp-block-heading\"><strong>Awards Committee<\/strong><\/h4>\n\n\n\n<ul class=\"wp-block-list\">\n<li>Nalin Arachchilage<\/li>\n\n\n\n<li>Ignacio Avellino<\/li>\n\n\n\n<li>Shiwei Chen<\/li>\n\n\n\n<li>Sanorita Dey<\/li>\n\n\n\n<li>Mingming Fan<\/li>\n\n\n\n<li>Guo Freeman<\/li>\n\n\n\n<li>Diego Gomez-Zara<\/li>\n\n\n\n<li>Jorge Goncalves<\/li>\n\n\n\n<li>Daniel Gooch<\/li>\n\n\n\n<li>Colin Gray<\/li>\n\n\n\n<li>Carla Griggio<\/li>\n\n\n\n<li>Yun Huang<\/li>\n\n\n\n<li>Bridget Kane<\/li>\n\n\n\n<li>Sunyoung Kim<\/li>\n\n\n\n<li>Eleonora Mencarini<\/li>\n\n\n\n<li>Sean Munson<\/li>\n\n\n\n<li>Jasmin Niess<\/li>\n\n\n\n<li>Jessica Pater<\/li>\n\n\n\n<li>Bernd Ploderer<\/li>\n\n\n\n<li>Aleksandra Sarcevic<\/li>\n\n\n\n<li>Sarita Schoenebeck<\/li>\n\n\n\n<li>John Seberger<\/li>\n\n\n\n<li>Katie Shilton<\/li>\n\n\n\n<li>Petr Slovak<\/li>\n\n\n\n<li>Bongwon Suh<\/li>\n\n\n\n<li>Mike Twidale<\/li>\n\n\n\n<li>Niels van Berkel<\/li>\n\n\n\n<li>Steve Voida<\/li>\n\n\n\n<li>Jenny Waycott<\/li>\n\n\n\n<li>Greg Wadley<\/li>\n\n\n\n<li>Mark Whiting<\/li>\n\n\n\n<li>Richmond Wong<\/li>\n\n\n\n<li>Pawel Wozniak<\/li>\n\n\n\n<li>Amy Zhang<\/li>\n\n\n\n<li>Douglas Zytko<\/li>\n<\/ul>\n","protected":false},"excerpt":{"rendered":"<div class=\"entry-summary\">\nLasting Impact CSCW 2023 awards a Lasting Impact Researcher Recognition to Nicole Ellison and Cliff Lampe for the influence that their early work on social media has had on the field of CSCW. This body of work will be the&hellip;\n<\/div>\n<div class=\"link-more\"><a href=\"https:\/\/cscw.acm.org\/2023\/index.php\/awards\/\" class=\"more-link\">Continue reading<span class=\"screen-reader-text\"> &ldquo;Awards&rdquo;<\/span>&hellip;<\/a><\/div>\n","protected":false},"author":1,"featured_media":0,"parent":0,"menu_order":0,"comment_status":"closed","ping_status":"closed","template":"","meta":{"footnotes":""},"class_list":["post-611","page","type-page","status-publish","hentry","entry"],"_links":{"self":[{"href":"https:\/\/cscw.acm.org\/2023\/index.php\/wp-json\/wp\/v2\/pages\/611","targetHints":{"allow":["GET"]}}],"collection":[{"href":"https:\/\/cscw.acm.org\/2023\/index.php\/wp-json\/wp\/v2\/pages"}],"about":[{"href":"https:\/\/cscw.acm.org\/2023\/index.php\/wp-json\/wp\/v2\/types\/page"}],"author":[{"embeddable":true,"href":"https:\/\/cscw.acm.org\/2023\/index.php\/wp-json\/wp\/v2\/users\/1"}],"replies":[{"embeddable":true,"href":"https:\/\/cscw.acm.org\/2023\/index.php\/wp-json\/wp\/v2\/comments?post=611"}],"version-history":[{"count":17,"href":"https:\/\/cscw.acm.org\/2023\/index.php\/wp-json\/wp\/v2\/pages\/611\/revisions"}],"predecessor-version":[{"id":806,"href":"https:\/\/cscw.acm.org\/2023\/index.php\/wp-json\/wp\/v2\/pages\/611\/revisions\/806"}],"wp:attachment":[{"href":"https:\/\/cscw.acm.org\/2023\/index.php\/wp-json\/wp\/v2\/media?parent=611"}],"curies":[{"name":"wp","href":"https:\/\/api.w.org\/{rel}","templated":true}]}}