{"id":683,"date":"2020-10-12T00:54:47","date_gmt":"2020-10-12T05:54:47","guid":{"rendered":"https:\/\/cscw.acm.org\/2020\/?page_id=683"},"modified":"2020-10-12T01:02:57","modified_gmt":"2020-10-12T06:02:57","slug":"cscw-steering-committee","status":"publish","type":"page","link":"https:\/\/cscw.acm.org\/2020\/cscw-steering-committee\/","title":{"rendered":"CSCW Steering Committee"},"content":{"rendered":"\t\t<div data-elementor-type=\"wp-page\" data-elementor-id=\"683\" class=\"elementor elementor-683\" data-elementor-settings=\"[]\">\n\t\t\t\t\t\t<div class=\"elementor-inner\">\n\t\t\t\t\t\t\t<div class=\"elementor-section-wrap\">\n\t\t\t\t\t\t\t<section class=\"elementor-section elementor-top-section elementor-element elementor-element-6a6e98 elementor-section-boxed elementor-section-height-default elementor-section-height-default\" data-id=\"6a6e98\" data-element_type=\"section\">\n\t\t\t\t\t\t<div class=\"elementor-container elementor-column-gap-default\">\n\t\t\t\t\t\t\t<div class=\"elementor-row\">\n\t\t\t\t\t<div class=\"elementor-column elementor-col-100 elementor-top-column elementor-element elementor-element-1b7a38b1\" data-id=\"1b7a38b1\" data-element_type=\"column\">\n\t\t\t<div class=\"elementor-column-wrap elementor-element-populated\">\n\t\t\t\t\t\t\t<div class=\"elementor-widget-wrap\">\n\t\t\t\t\t\t<div class=\"elementor-element elementor-element-4bf2e9ca elementor-widget elementor-widget-text-editor\" data-id=\"4bf2e9ca\" data-element_type=\"widget\" data-widget_type=\"text-editor.default\">\n\t\t\t\t<div class=\"elementor-widget-container\">\n\t\t\t\t\t<div class=\"elementor-text-editor elementor-clearfix\"><!-- wp:paragraph -->\n<p>The CSCW Steering Committee Includes:<\/p>\n<!-- \/wp:paragraph -->\n\n<!-- wp:list -->\n<ul><li>Amy Bruckman (Georgia Tech, outgoing chair) <sup>\u2020<\/sup><\/li><li>Luigina Ciolfi (Sheffield Hallam University) <sup>\u2020<\/sup><\/li><li>Kevin Crowston (Syracuse University) <sup>\u2020<\/sup><\/li><li>Andrea Forte (Drexel University, chair) <\/li><li>Diego&nbsp;G\u00f3mez-Zar\u00e1 (Northwestern University, student) <\/li><li>Jina Huh-Yoo (Drexel University) <\/li><li>Karrie Karahalios (University of Illinois, chair elect) <\/li><li>Dana\u00eb Metaxa (Stanford University, student) <\/li><li>Andr\u00e9s Monroy-Hern\u00e1ndez (Snap! Inc) <\/li><li>Tina Yuan (National Taiwan Normal University)<\/li><\/ul>\n<!-- \/wp:list -->\n\n<!-- wp:paragraph {\"align\":\"right\"} -->\n<p class=\"has-text-align-right\"><sup>\u2020<\/sup> <em>term ends October, 2020<\/em><\/p>\n<!-- \/wp:paragraph --><\/div>\n\t\t\t\t<\/div>\n\t\t\t\t<\/div>\n\t\t\t\t\t\t<\/div>\n\t\t\t\t\t<\/div>\n\t\t<\/div>\n\t\t\t\t\t\t\t\t<\/div>\n\t\t\t\t\t<\/div>\n\t\t<\/section>\n\t\t\t\t\t\t<\/div>\n\t\t\t\t\t\t<\/div>\n\t\t\t\t\t<\/div>\n\t\t","protected":false},"excerpt":{"rendered":"<p>The CSCW Steering Committee Includes: Amy Bruckman (Georgia Tech, outgoing chair) \u2020 Luigina Ciolfi (Sheffield Hallam University) \u2020 Kevin Crowston (Syracuse University) \u2020 Andrea Forte (Drexel University, chair) Diego&nbsp;G\u00f3mez-Zar\u00e1 (Northwestern University, student) Jina Huh-Yoo (Drexel University) Karrie Karahalios (University of Illinois, chair elect) Dana\u00eb Metaxa (Stanford University, student) Andr\u00e9s Monroy-Hern\u00e1ndez (Snap! Inc) Tina Yuan (National [&hellip;]<\/p>\n","protected":false},"author":5,"featured_media":0,"parent":0,"menu_order":0,"comment_status":"closed","ping_status":"closed","template":"","meta":[],"yoast_head":"<!-- This site is optimized with the Yoast SEO plugin v16.1.1 - https:\/\/yoast.com\/wordpress\/plugins\/seo\/ -->\n<title>CSCW Steering Committee - CSCW 2020<\/title>\n<link rel=\"canonical\" href=\"https:\/\/cscw.acm.org\/2020\/cscw-steering-committee\/\" \/>\n<meta property=\"og:locale\" content=\"en_US\" \/>\n<meta property=\"og:type\" content=\"article\" \/>\n<meta property=\"og:title\" content=\"CSCW Steering Committee - CSCW 2020\" \/>\n<meta property=\"og:description\" content=\"The CSCW Steering Committee Includes: Amy Bruckman (Georgia Tech, outgoing chair) \u2020 Luigina Ciolfi (Sheffield Hallam University) \u2020 Kevin Crowston (Syracuse University) \u2020 Andrea Forte (Drexel University, chair) Diego&nbsp;G\u00f3mez-Zar\u00e1 (Northwestern University, student) Jina Huh-Yoo (Drexel University) Karrie Karahalios (University of Illinois, chair elect) Dana\u00eb Metaxa (Stanford University, student) Andr\u00e9s Monroy-Hern\u00e1ndez (Snap! Inc) Tina Yuan (National [&hellip;]\" \/>\n<meta property=\"og:url\" content=\"https:\/\/cscw.acm.org\/2020\/cscw-steering-committee\/\" \/>\n<meta property=\"og:site_name\" content=\"CSCW 2020\" \/>\n<meta property=\"article:modified_time\" content=\"2020-10-12T06:02:57+00:00\" \/>\n<meta name=\"twitter:card\" content=\"summary_large_image\" \/>\n<script type=\"application\/ld+json\" class=\"yoast-schema-graph\">{\"@context\":\"https:\/\/schema.org\",\"@graph\":[{\"@type\":\"WebSite\",\"@id\":\"https:\/\/cscw.acm.org\/2020\/#website\",\"url\":\"https:\/\/cscw.acm.org\/2020\/\",\"name\":\"CSCW 2020\",\"description\":\"23rd ACM Conference on Computer-Supported Cooperative Work and Social Computing\",\"potentialAction\":[{\"@type\":\"SearchAction\",\"target\":\"https:\/\/cscw.acm.org\/2020\/?s={search_term_string}\",\"query-input\":\"required name=search_term_string\"}],\"inLanguage\":\"en-US\"},{\"@type\":\"WebPage\",\"@id\":\"https:\/\/cscw.acm.org\/2020\/cscw-steering-committee\/#webpage\",\"url\":\"https:\/\/cscw.acm.org\/2020\/cscw-steering-committee\/\",\"name\":\"CSCW Steering Committee - CSCW 2020\",\"isPartOf\":{\"@id\":\"https:\/\/cscw.acm.org\/2020\/#website\"},\"datePublished\":\"2020-10-12T05:54:47+00:00\",\"dateModified\":\"2020-10-12T06:02:57+00:00\",\"breadcrumb\":{\"@id\":\"https:\/\/cscw.acm.org\/2020\/cscw-steering-committee\/#breadcrumb\"},\"inLanguage\":\"en-US\",\"potentialAction\":[{\"@type\":\"ReadAction\",\"target\":[\"https:\/\/cscw.acm.org\/2020\/cscw-steering-committee\/\"]}]},{\"@type\":\"BreadcrumbList\",\"@id\":\"https:\/\/cscw.acm.org\/2020\/cscw-steering-committee\/#breadcrumb\",\"itemListElement\":[{\"@type\":\"ListItem\",\"position\":1,\"item\":{\"@type\":\"WebPage\",\"@id\":\"https:\/\/cscw.acm.org\/2020\/\",\"url\":\"https:\/\/cscw.acm.org\/2020\/\",\"name\":\"Home\"}},{\"@type\":\"ListItem\",\"position\":2,\"item\":{\"@type\":\"WebPage\",\"@id\":\"https:\/\/cscw.acm.org\/2020\/cscw-steering-committee\/\",\"url\":\"https:\/\/cscw.acm.org\/2020\/cscw-steering-committee\/\",\"name\":\"CSCW Steering Committee\"}}]}]}<\/script>\n<!-- \/ Yoast SEO plugin. -->","_links":{"self":[{"href":"https:\/\/cscw.acm.org\/2020\/wp-json\/wp\/v2\/pages\/683"}],"collection":[{"href":"https:\/\/cscw.acm.org\/2020\/wp-json\/wp\/v2\/pages"}],"about":[{"href":"https:\/\/cscw.acm.org\/2020\/wp-json\/wp\/v2\/types\/page"}],"author":[{"embeddable":true,"href":"https:\/\/cscw.acm.org\/2020\/wp-json\/wp\/v2\/users\/5"}],"replies":[{"embeddable":true,"href":"https:\/\/cscw.acm.org\/2020\/wp-json\/wp\/v2\/comments?post=683"}],"version-history":[{"count":3,"href":"https:\/\/cscw.acm.org\/2020\/wp-json\/wp\/v2\/pages\/683\/revisions"}],"predecessor-version":[{"id":688,"href":"https:\/\/cscw.acm.org\/2020\/wp-json\/wp\/v2\/pages\/683\/revisions\/688"}],"wp:attachment":[{"href":"https:\/\/cscw.acm.org\/2020\/wp-json\/wp\/v2\/media?parent=683"}],"curies":[{"name":"wp","href":"https:\/\/api.w.org\/{rel}","templated":true}]}}